{"id":25524,"date":"2025-09-12T13:48:02","date_gmt":"2025-09-12T17:48:02","guid":{"rendered":"https:\/\/www.flaquarium.org\/arrecifes-de-coral\/"},"modified":"2026-02-23T19:53:26","modified_gmt":"2026-02-24T00:53:26","slug":"coral-reefs","status":"publish","type":"page","link":"https:\/\/www.flaquarium.org\/es\/explora\/habitats\/coral-reefs\/","title":{"rendered":"Coral Reefs"},"content":{"rendered":"","protected":false},"excerpt":{"rendered":"","protected":false},"author":1,"featured_media":0,"parent":25545,"menu_order":0,"comment_status":"closed","ping_status":"closed","template":"","meta":{"_acf_changed":false,"_relevanssi_hide_post":"","_relevanssi_hide_content":"","_relevanssi_pin_for_all":"","_relevanssi_pin_keywords":"","_relevanssi_unpin_keywords":"","_relevanssi_related_keywords":"","_relevanssi_related_include_ids":"","_relevanssi_related_exclude_ids":"","_relevanssi_related_no_append":"","_relevanssi_related_not_related":"","_relevanssi_related_posts":"","_relevanssi_noindex_reason":"","footnotes":""},"class_list":["post-25524","page","type-page","status-publish","hentry"],"acf":[],"yoast_head":"<!-- This site is optimized with the Yoast SEO plugin v27.3 - https:\/\/yoast.com\/product\/yoast-seo-wordpress\/ -->\n<title>Coral Reefs | The Florida Aquarium<\/title>\n<meta name=\"description\" content=\"Obt\u00e9n fascinantes vistas panor\u00e1micas de tiburones tigre de arena, rayas del sur, tortugas marinas y peces de arrecife en el h\u00e1bitat de Arrecifes de Coral de 500.000 galones de The Florida Aquarium.\" \/>\n<meta name=\"robots\" content=\"index, follow, max-snippet:-1, max-image-preview:large, max-video-preview:-1\" \/>\n<link rel=\"canonical\" href=\"https:\/\/www.flaquarium.org\/es\/explora\/habitats\/coral-reefs\/\" \/>\n<meta property=\"og:locale\" content=\"es_ES\" \/>\n<meta property=\"og:type\" content=\"article\" \/>\n<meta property=\"og:title\" content=\"Coral Reefs | The Florida Aquarium\" \/>\n<meta property=\"og:description\" content=\"Obt\u00e9n fascinantes vistas panor\u00e1micas de tiburones tigre de arena, rayas del sur, tortugas marinas y peces de arrecife en el h\u00e1bitat de Arrecifes de Coral de 500.000 galones de The Florida Aquarium.\" \/>\n<meta property=\"og:url\" content=\"https:\/\/www.flaquarium.org\/es\/explora\/habitats\/coral-reefs\/\" \/>\n<meta property=\"og:site_name\" content=\"The Florida Aquarium\" \/>\n<meta property=\"article:publisher\" content=\"https:\/\/www.facebook.com\/floridaaquarium\" \/>\n<meta property=\"article:modified_time\" content=\"2026-02-24T00:53:26+00:00\" \/>\n<meta name=\"twitter:card\" content=\"summary_large_image\" \/>\n<meta name=\"twitter:site\" content=\"@floridaaquarium\" \/>\n<script type=\"application\/ld+json\" class=\"yoast-schema-graph\">{\"@context\":\"https:\\\/\\\/schema.org\",\"@graph\":[{\"@type\":\"WebPage\",\"@id\":\"https:\\\/\\\/www.flaquarium.org\\\/es\\\/explora\\\/habitats\\\/coral-reefs\\\/\",\"url\":\"https:\\\/\\\/www.flaquarium.org\\\/es\\\/explora\\\/habitats\\\/coral-reefs\\\/\",\"name\":\"Coral Reefs | The Florida Aquarium\",\"isPartOf\":{\"@id\":\"https:\\\/\\\/www.flaquarium.org\\\/es\\\/#website\"},\"datePublished\":\"2025-09-12T17:48:02+00:00\",\"dateModified\":\"2026-02-24T00:53:26+00:00\",\"description\":\"Obt\u00e9n fascinantes vistas panor\u00e1micas de tiburones tigre de arena, rayas del sur, tortugas marinas y peces de arrecife en el h\u00e1bitat de Arrecifes de Coral de 500.000 galones de The Florida Aquarium.\",\"breadcrumb\":{\"@id\":\"https:\\\/\\\/www.flaquarium.org\\\/es\\\/explora\\\/habitats\\\/coral-reefs\\\/#breadcrumb\"},\"inLanguage\":\"es\",\"potentialAction\":[{\"@type\":\"ReadAction\",\"target\":[\"https:\\\/\\\/www.flaquarium.org\\\/es\\\/explora\\\/habitats\\\/coral-reefs\\\/\"]}]},{\"@type\":\"BreadcrumbList\",\"@id\":\"https:\\\/\\\/www.flaquarium.org\\\/es\\\/explora\\\/habitats\\\/coral-reefs\\\/#breadcrumb\",\"itemListElement\":[{\"@type\":\"ListItem\",\"position\":1,\"name\":\"Home\",\"item\":\"https:\\\/\\\/www.flaquarium.org\\\/es\\\/\"},{\"@type\":\"ListItem\",\"position\":2,\"name\":\"Explora\",\"item\":\"https:\\\/\\\/www.flaquarium.org\\\/es\\\/explora\\\/\"},{\"@type\":\"ListItem\",\"position\":3,\"name\":\"H\u00e1bitats\",\"item\":\"https:\\\/\\\/www.flaquarium.org\\\/es\\\/explora\\\/habitats\\\/\"},{\"@type\":\"ListItem\",\"position\":4,\"name\":\"Coral Reefs\"}]},{\"@type\":\"WebSite\",\"@id\":\"https:\\\/\\\/www.flaquarium.org\\\/es\\\/#website\",\"url\":\"https:\\\/\\\/www.flaquarium.org\\\/es\\\/\",\"name\":\"The Florida Aquarium\",\"description\":\"\",\"potentialAction\":[{\"@type\":\"SearchAction\",\"target\":{\"@type\":\"EntryPoint\",\"urlTemplate\":\"https:\\\/\\\/www.flaquarium.org\\\/es\\\/?s={search_term_string}\"},\"query-input\":{\"@type\":\"PropertyValueSpecification\",\"valueRequired\":true,\"valueName\":\"search_term_string\"}}],\"inLanguage\":\"es\"}]}<\/script>\n<!-- \/ Yoast SEO plugin. -->","yoast_head_json":{"title":"Coral Reefs | The Florida Aquarium","description":"Obt\u00e9n fascinantes vistas panor\u00e1micas de tiburones tigre de arena, rayas del sur, tortugas marinas y peces de arrecife en el h\u00e1bitat de Arrecifes de Coral de 500.000 galones de The Florida Aquarium.","robots":{"index":"index","follow":"follow","max-snippet":"max-snippet:-1","max-image-preview":"max-image-preview:large","max-video-preview":"max-video-preview:-1"},"canonical":"https:\/\/www.flaquarium.org\/es\/explora\/habitats\/coral-reefs\/","og_locale":"es_ES","og_type":"article","og_title":"Coral Reefs | The Florida Aquarium","og_description":"Obt\u00e9n fascinantes vistas panor\u00e1micas de tiburones tigre de arena, rayas del sur, tortugas marinas y peces de arrecife en el h\u00e1bitat de Arrecifes de Coral de 500.000 galones de The Florida Aquarium.","og_url":"https:\/\/www.flaquarium.org\/es\/explora\/habitats\/coral-reefs\/","og_site_name":"The Florida Aquarium","article_publisher":"https:\/\/www.facebook.com\/floridaaquarium","article_modified_time":"2026-02-24T00:53:26+00:00","twitter_card":"summary_large_image","twitter_site":"@floridaaquarium","schema":{"@context":"https:\/\/schema.org","@graph":[{"@type":"WebPage","@id":"https:\/\/www.flaquarium.org\/es\/explora\/habitats\/coral-reefs\/","url":"https:\/\/www.flaquarium.org\/es\/explora\/habitats\/coral-reefs\/","name":"Coral Reefs | The Florida Aquarium","isPartOf":{"@id":"https:\/\/www.flaquarium.org\/es\/#website"},"datePublished":"2025-09-12T17:48:02+00:00","dateModified":"2026-02-24T00:53:26+00:00","description":"Obt\u00e9n fascinantes vistas panor\u00e1micas de tiburones tigre de arena, rayas del sur, tortugas marinas y peces de arrecife en el h\u00e1bitat de Arrecifes de Coral de 500.000 galones de The Florida Aquarium.","breadcrumb":{"@id":"https:\/\/www.flaquarium.org\/es\/explora\/habitats\/coral-reefs\/#breadcrumb"},"inLanguage":"es","potentialAction":[{"@type":"ReadAction","target":["https:\/\/www.flaquarium.org\/es\/explora\/habitats\/coral-reefs\/"]}]},{"@type":"BreadcrumbList","@id":"https:\/\/www.flaquarium.org\/es\/explora\/habitats\/coral-reefs\/#breadcrumb","itemListElement":[{"@type":"ListItem","position":1,"name":"Home","item":"https:\/\/www.flaquarium.org\/es\/"},{"@type":"ListItem","position":2,"name":"Explora","item":"https:\/\/www.flaquarium.org\/es\/explora\/"},{"@type":"ListItem","position":3,"name":"H\u00e1bitats","item":"https:\/\/www.flaquarium.org\/es\/explora\/habitats\/"},{"@type":"ListItem","position":4,"name":"Coral Reefs"}]},{"@type":"WebSite","@id":"https:\/\/www.flaquarium.org\/es\/#website","url":"https:\/\/www.flaquarium.org\/es\/","name":"The Florida Aquarium","description":"","potentialAction":[{"@type":"SearchAction","target":{"@type":"EntryPoint","urlTemplate":"https:\/\/www.flaquarium.org\/es\/?s={search_term_string}"},"query-input":{"@type":"PropertyValueSpecification","valueRequired":true,"valueName":"search_term_string"}}],"inLanguage":"es"}]}},"_links":{"self":[{"href":"https:\/\/www.flaquarium.org\/es\/wp-json\/wp\/v2\/pages\/25524","targetHints":{"allow":["GET"]}}],"collection":[{"href":"https:\/\/www.flaquarium.org\/es\/wp-json\/wp\/v2\/pages"}],"about":[{"href":"https:\/\/www.flaquarium.org\/es\/wp-json\/wp\/v2\/types\/page"}],"author":[{"embeddable":true,"href":"https:\/\/www.flaquarium.org\/es\/wp-json\/wp\/v2\/users\/1"}],"replies":[{"embeddable":true,"href":"https:\/\/www.flaquarium.org\/es\/wp-json\/wp\/v2\/comments?post=25524"}],"version-history":[{"count":2,"href":"https:\/\/www.flaquarium.org\/es\/wp-json\/wp\/v2\/pages\/25524\/revisions"}],"predecessor-version":[{"id":28324,"href":"https:\/\/www.flaquarium.org\/es\/wp-json\/wp\/v2\/pages\/25524\/revisions\/28324"}],"up":[{"embeddable":true,"href":"https:\/\/www.flaquarium.org\/es\/wp-json\/wp\/v2\/pages\/25545"}],"wp:attachment":[{"href":"https:\/\/www.flaquarium.org\/es\/wp-json\/wp\/v2\/media?parent=25524"}],"curies":[{"name":"wp","href":"https:\/\/api.w.org\/{rel}","templated":true}]}}