{"id":25470,"date":"2025-09-17T15:16:06","date_gmt":"2025-09-17T19:16:06","guid":{"rendered":"https:\/\/www.flaquarium.org\/programas\/para-las-familias\/campamentos\/ano-escolar-aquacamps\/"},"modified":"2026-01-26T09:29:35","modified_gmt":"2026-01-26T14:29:35","slug":"ano-escolar-aquacamps","status":"publish","type":"page","link":"https:\/\/www.flaquarium.org\/es\/programas\/para-las-familias\/campamentos\/ano-escolar-aquacamps\/","title":{"rendered":"A\u00f1o escolar AquaCamps"},"content":{"rendered":"","protected":false},"excerpt":{"rendered":"","protected":false},"author":1,"featured_media":0,"parent":25455,"menu_order":0,"comment_status":"closed","ping_status":"closed","template":"","meta":{"_acf_changed":false,"_relevanssi_hide_post":"","_relevanssi_hide_content":"","_relevanssi_pin_for_all":"","_relevanssi_pin_keywords":"","_relevanssi_unpin_keywords":"","_relevanssi_related_keywords":"","_relevanssi_related_include_ids":"","_relevanssi_related_exclude_ids":"","_relevanssi_related_no_append":"","_relevanssi_related_not_related":"","_relevanssi_related_posts":"","_relevanssi_noindex_reason":"","footnotes":""},"class_list":["post-25470","page","type-page","status-publish","hentry"],"acf":[],"yoast_head":"<!-- This site is optimized with the Yoast SEO plugin v27.3 - https:\/\/yoast.com\/product\/yoast-seo-wordpress\/ -->\n<title>A\u00f1o Escolar AquaCamps | Fuera Escuelas Campamento | The Florida Aquarium<\/title>\n<meta name=\"description\" content=\"\u00bfNecesitas un campamento de d\u00eda para cuando los ni\u00f1os tengan tiempo libre durante el curso escolar? Convierte las vacaciones escolares en una diversi\u00f3n llena de ciencia con los AquaCamps pr\u00e1cticos basados en STEM del The Florida Aquarium.\" \/>\n<meta name=\"robots\" content=\"index, follow, max-snippet:-1, max-image-preview:large, max-video-preview:-1\" \/>\n<link rel=\"canonical\" href=\"https:\/\/www.flaquarium.org\/es\/programas\/para-las-familias\/campamentos\/ano-escolar-aquacamps\/\" \/>\n<meta property=\"og:locale\" content=\"es_ES\" \/>\n<meta property=\"og:type\" content=\"article\" \/>\n<meta property=\"og:title\" content=\"A\u00f1o Escolar AquaCamps | Fuera Escuelas Campamento | The Florida Aquarium\" \/>\n<meta property=\"og:description\" content=\"\u00bfNecesitas un campamento de d\u00eda para cuando los ni\u00f1os tengan tiempo libre durante el curso escolar? Convierte las vacaciones escolares en una diversi\u00f3n llena de ciencia con los AquaCamps pr\u00e1cticos basados en STEM del The Florida Aquarium.\" \/>\n<meta property=\"og:url\" content=\"https:\/\/www.flaquarium.org\/es\/programas\/para-las-familias\/campamentos\/ano-escolar-aquacamps\/\" \/>\n<meta property=\"og:site_name\" content=\"The Florida Aquarium\" \/>\n<meta property=\"article:publisher\" content=\"https:\/\/www.facebook.com\/floridaaquarium\" \/>\n<meta property=\"article:modified_time\" content=\"2026-01-26T14:29:35+00:00\" \/>\n<meta name=\"twitter:card\" content=\"summary_large_image\" \/>\n<meta name=\"twitter:site\" content=\"@floridaaquarium\" \/>\n<script type=\"application\/ld+json\" class=\"yoast-schema-graph\">{\"@context\":\"https:\\\/\\\/schema.org\",\"@graph\":[{\"@type\":\"WebPage\",\"@id\":\"https:\\\/\\\/www.flaquarium.org\\\/es\\\/programas\\\/para-las-familias\\\/campamentos\\\/ano-escolar-aquacamps\\\/\",\"url\":\"https:\\\/\\\/www.flaquarium.org\\\/es\\\/programas\\\/para-las-familias\\\/campamentos\\\/ano-escolar-aquacamps\\\/\",\"name\":\"A\u00f1o Escolar AquaCamps | Fuera Escuelas Campamento | The Florida Aquarium\",\"isPartOf\":{\"@id\":\"https:\\\/\\\/www.flaquarium.org\\\/es\\\/#website\"},\"datePublished\":\"2025-09-17T19:16:06+00:00\",\"dateModified\":\"2026-01-26T14:29:35+00:00\",\"description\":\"\u00bfNecesitas un campamento de d\u00eda para cuando los ni\u00f1os tengan tiempo libre durante el curso escolar? Convierte las vacaciones escolares en una diversi\u00f3n llena de ciencia con los AquaCamps pr\u00e1cticos basados en STEM del The Florida Aquarium.\",\"breadcrumb\":{\"@id\":\"https:\\\/\\\/www.flaquarium.org\\\/es\\\/programas\\\/para-las-familias\\\/campamentos\\\/ano-escolar-aquacamps\\\/#breadcrumb\"},\"inLanguage\":\"es\",\"potentialAction\":[{\"@type\":\"ReadAction\",\"target\":[\"https:\\\/\\\/www.flaquarium.org\\\/es\\\/programas\\\/para-las-familias\\\/campamentos\\\/ano-escolar-aquacamps\\\/\"]}]},{\"@type\":\"BreadcrumbList\",\"@id\":\"https:\\\/\\\/www.flaquarium.org\\\/es\\\/programas\\\/para-las-familias\\\/campamentos\\\/ano-escolar-aquacamps\\\/#breadcrumb\",\"itemListElement\":[{\"@type\":\"ListItem\",\"position\":1,\"name\":\"Home\",\"item\":\"https:\\\/\\\/www.flaquarium.org\\\/es\\\/\"},{\"@type\":\"ListItem\",\"position\":2,\"name\":\"Programas\",\"item\":\"https:\\\/\\\/www.flaquarium.org\\\/es\\\/programas\\\/\"},{\"@type\":\"ListItem\",\"position\":3,\"name\":\"Para las familias\",\"item\":\"https:\\\/\\\/www.flaquarium.org\\\/es\\\/programas\\\/para-las-familias\\\/\"},{\"@type\":\"ListItem\",\"position\":4,\"name\":\"Campamentos\",\"item\":\"https:\\\/\\\/www.flaquarium.org\\\/es\\\/programas\\\/para-las-familias\\\/campamentos\\\/\"},{\"@type\":\"ListItem\",\"position\":5,\"name\":\"A\u00f1o escolar AquaCamps\"}]},{\"@type\":\"WebSite\",\"@id\":\"https:\\\/\\\/www.flaquarium.org\\\/es\\\/#website\",\"url\":\"https:\\\/\\\/www.flaquarium.org\\\/es\\\/\",\"name\":\"The Florida Aquarium\",\"description\":\"\",\"potentialAction\":[{\"@type\":\"SearchAction\",\"target\":{\"@type\":\"EntryPoint\",\"urlTemplate\":\"https:\\\/\\\/www.flaquarium.org\\\/es\\\/?s={search_term_string}\"},\"query-input\":{\"@type\":\"PropertyValueSpecification\",\"valueRequired\":true,\"valueName\":\"search_term_string\"}}],\"inLanguage\":\"es\"}]}<\/script>\n<!-- \/ Yoast SEO plugin. -->","yoast_head_json":{"title":"A\u00f1o Escolar AquaCamps | Fuera Escuelas Campamento | The Florida Aquarium","description":"\u00bfNecesitas un campamento de d\u00eda para cuando los ni\u00f1os tengan tiempo libre durante el curso escolar? Convierte las vacaciones escolares en una diversi\u00f3n llena de ciencia con los AquaCamps pr\u00e1cticos basados en STEM del The Florida Aquarium.","robots":{"index":"index","follow":"follow","max-snippet":"max-snippet:-1","max-image-preview":"max-image-preview:large","max-video-preview":"max-video-preview:-1"},"canonical":"https:\/\/www.flaquarium.org\/es\/programas\/para-las-familias\/campamentos\/ano-escolar-aquacamps\/","og_locale":"es_ES","og_type":"article","og_title":"A\u00f1o Escolar AquaCamps | Fuera Escuelas Campamento | The Florida Aquarium","og_description":"\u00bfNecesitas un campamento de d\u00eda para cuando los ni\u00f1os tengan tiempo libre durante el curso escolar? Convierte las vacaciones escolares en una diversi\u00f3n llena de ciencia con los AquaCamps pr\u00e1cticos basados en STEM del The Florida Aquarium.","og_url":"https:\/\/www.flaquarium.org\/es\/programas\/para-las-familias\/campamentos\/ano-escolar-aquacamps\/","og_site_name":"The Florida Aquarium","article_publisher":"https:\/\/www.facebook.com\/floridaaquarium","article_modified_time":"2026-01-26T14:29:35+00:00","twitter_card":"summary_large_image","twitter_site":"@floridaaquarium","schema":{"@context":"https:\/\/schema.org","@graph":[{"@type":"WebPage","@id":"https:\/\/www.flaquarium.org\/es\/programas\/para-las-familias\/campamentos\/ano-escolar-aquacamps\/","url":"https:\/\/www.flaquarium.org\/es\/programas\/para-las-familias\/campamentos\/ano-escolar-aquacamps\/","name":"A\u00f1o Escolar AquaCamps | Fuera Escuelas Campamento | The Florida Aquarium","isPartOf":{"@id":"https:\/\/www.flaquarium.org\/es\/#website"},"datePublished":"2025-09-17T19:16:06+00:00","dateModified":"2026-01-26T14:29:35+00:00","description":"\u00bfNecesitas un campamento de d\u00eda para cuando los ni\u00f1os tengan tiempo libre durante el curso escolar? Convierte las vacaciones escolares en una diversi\u00f3n llena de ciencia con los AquaCamps pr\u00e1cticos basados en STEM del The Florida Aquarium.","breadcrumb":{"@id":"https:\/\/www.flaquarium.org\/es\/programas\/para-las-familias\/campamentos\/ano-escolar-aquacamps\/#breadcrumb"},"inLanguage":"es","potentialAction":[{"@type":"ReadAction","target":["https:\/\/www.flaquarium.org\/es\/programas\/para-las-familias\/campamentos\/ano-escolar-aquacamps\/"]}]},{"@type":"BreadcrumbList","@id":"https:\/\/www.flaquarium.org\/es\/programas\/para-las-familias\/campamentos\/ano-escolar-aquacamps\/#breadcrumb","itemListElement":[{"@type":"ListItem","position":1,"name":"Home","item":"https:\/\/www.flaquarium.org\/es\/"},{"@type":"ListItem","position":2,"name":"Programas","item":"https:\/\/www.flaquarium.org\/es\/programas\/"},{"@type":"ListItem","position":3,"name":"Para las familias","item":"https:\/\/www.flaquarium.org\/es\/programas\/para-las-familias\/"},{"@type":"ListItem","position":4,"name":"Campamentos","item":"https:\/\/www.flaquarium.org\/es\/programas\/para-las-familias\/campamentos\/"},{"@type":"ListItem","position":5,"name":"A\u00f1o escolar AquaCamps"}]},{"@type":"WebSite","@id":"https:\/\/www.flaquarium.org\/es\/#website","url":"https:\/\/www.flaquarium.org\/es\/","name":"The Florida Aquarium","description":"","potentialAction":[{"@type":"SearchAction","target":{"@type":"EntryPoint","urlTemplate":"https:\/\/www.flaquarium.org\/es\/?s={search_term_string}"},"query-input":{"@type":"PropertyValueSpecification","valueRequired":true,"valueName":"search_term_string"}}],"inLanguage":"es"}]}},"_links":{"self":[{"href":"https:\/\/www.flaquarium.org\/es\/wp-json\/wp\/v2\/pages\/25470","targetHints":{"allow":["GET"]}}],"collection":[{"href":"https:\/\/www.flaquarium.org\/es\/wp-json\/wp\/v2\/pages"}],"about":[{"href":"https:\/\/www.flaquarium.org\/es\/wp-json\/wp\/v2\/types\/page"}],"author":[{"embeddable":true,"href":"https:\/\/www.flaquarium.org\/es\/wp-json\/wp\/v2\/users\/1"}],"replies":[{"embeddable":true,"href":"https:\/\/www.flaquarium.org\/es\/wp-json\/wp\/v2\/comments?post=25470"}],"version-history":[{"count":3,"href":"https:\/\/www.flaquarium.org\/es\/wp-json\/wp\/v2\/pages\/25470\/revisions"}],"predecessor-version":[{"id":27279,"href":"https:\/\/www.flaquarium.org\/es\/wp-json\/wp\/v2\/pages\/25470\/revisions\/27279"}],"up":[{"embeddable":true,"href":"https:\/\/www.flaquarium.org\/es\/wp-json\/wp\/v2\/pages\/25455"}],"wp:attachment":[{"href":"https:\/\/www.flaquarium.org\/es\/wp-json\/wp\/v2\/media?parent=25470"}],"curies":[{"name":"wp","href":"https:\/\/api.w.org\/{rel}","templated":true}]}}