{"id":25459,"date":"2025-09-17T10:23:38","date_gmt":"2025-09-17T14:23:38","guid":{"rendered":"https:\/\/www.flaquarium.org\/programas\/para-las-familias\/campamentos\/aquacamps-de-verano\/"},"modified":"2026-02-23T15:13:23","modified_gmt":"2026-02-23T20:13:23","slug":"aquacamps-de-verano","status":"publish","type":"page","link":"https:\/\/www.flaquarium.org\/es\/programas\/para-las-familias\/campamentos\/aquacamps-de-verano\/","title":{"rendered":"AquaCamps de verano"},"content":{"rendered":"","protected":false},"excerpt":{"rendered":"","protected":false},"author":1,"featured_media":0,"parent":25455,"menu_order":0,"comment_status":"closed","ping_status":"closed","template":"","meta":{"_acf_changed":false,"_relevanssi_hide_post":"","_relevanssi_hide_content":"","_relevanssi_pin_for_all":"","_relevanssi_pin_keywords":"","_relevanssi_unpin_keywords":"","_relevanssi_related_keywords":"","_relevanssi_related_include_ids":"","_relevanssi_related_exclude_ids":"","_relevanssi_related_no_append":"","_relevanssi_related_not_related":"","_relevanssi_related_posts":"","_relevanssi_noindex_reason":"","footnotes":""},"class_list":["post-25459","page","type-page","status-publish","hentry"],"acf":[],"yoast_head":"<!-- This site is optimized with the Yoast SEO plugin v27.3 - https:\/\/yoast.com\/product\/yoast-seo-wordpress\/ -->\n<title>AquaCamps de Verano | Campamentos de Verano en Florida | The Florida Aquarium<\/title>\n<meta name=\"description\" content=\"\u00bfBuscas campamentos de verano divertidos e interactivos en Florida? Los AquaCamps ofrecen actividades pr\u00e1cticas, encuentros con animales y mucho m\u00e1s para ni\u00f1os de 3 a 18 a\u00f1os en un entorno de aprendizaje seguro.\" \/>\n<meta name=\"robots\" content=\"index, follow, max-snippet:-1, max-image-preview:large, max-video-preview:-1\" \/>\n<link rel=\"canonical\" href=\"https:\/\/www.flaquarium.org\/es\/programas\/para-las-familias\/campamentos\/aquacamps-de-verano\/\" \/>\n<meta property=\"og:locale\" content=\"es_ES\" \/>\n<meta property=\"og:type\" content=\"article\" \/>\n<meta property=\"og:title\" content=\"AquaCamps de Verano | Campamentos de Verano en Florida | The Florida Aquarium\" \/>\n<meta property=\"og:description\" content=\"\u00bfBuscas campamentos de verano divertidos e interactivos en Florida? Los AquaCamps ofrecen actividades pr\u00e1cticas, encuentros con animales y mucho m\u00e1s para ni\u00f1os de 3 a 18 a\u00f1os en un entorno de aprendizaje seguro.\" \/>\n<meta property=\"og:url\" content=\"https:\/\/www.flaquarium.org\/es\/programas\/para-las-familias\/campamentos\/aquacamps-de-verano\/\" \/>\n<meta property=\"og:site_name\" content=\"The Florida Aquarium\" \/>\n<meta property=\"article:publisher\" content=\"https:\/\/www.facebook.com\/floridaaquarium\" \/>\n<meta property=\"article:modified_time\" content=\"2026-02-23T20:13:23+00:00\" \/>\n<meta name=\"twitter:card\" content=\"summary_large_image\" \/>\n<meta name=\"twitter:site\" content=\"@floridaaquarium\" \/>\n<script type=\"application\/ld+json\" class=\"yoast-schema-graph\">{\"@context\":\"https:\\\/\\\/schema.org\",\"@graph\":[{\"@type\":\"WebPage\",\"@id\":\"https:\\\/\\\/www.flaquarium.org\\\/es\\\/programas\\\/para-las-familias\\\/campamentos\\\/aquacamps-de-verano\\\/\",\"url\":\"https:\\\/\\\/www.flaquarium.org\\\/es\\\/programas\\\/para-las-familias\\\/campamentos\\\/aquacamps-de-verano\\\/\",\"name\":\"AquaCamps de Verano | Campamentos de Verano en Florida | The Florida Aquarium\",\"isPartOf\":{\"@id\":\"https:\\\/\\\/www.flaquarium.org\\\/es\\\/#website\"},\"datePublished\":\"2025-09-17T14:23:38+00:00\",\"dateModified\":\"2026-02-23T20:13:23+00:00\",\"description\":\"\u00bfBuscas campamentos de verano divertidos e interactivos en Florida? Los AquaCamps ofrecen actividades pr\u00e1cticas, encuentros con animales y mucho m\u00e1s para ni\u00f1os de 3 a 18 a\u00f1os en un entorno de aprendizaje seguro.\",\"breadcrumb\":{\"@id\":\"https:\\\/\\\/www.flaquarium.org\\\/es\\\/programas\\\/para-las-familias\\\/campamentos\\\/aquacamps-de-verano\\\/#breadcrumb\"},\"inLanguage\":\"es\",\"potentialAction\":[{\"@type\":\"ReadAction\",\"target\":[\"https:\\\/\\\/www.flaquarium.org\\\/es\\\/programas\\\/para-las-familias\\\/campamentos\\\/aquacamps-de-verano\\\/\"]}]},{\"@type\":\"BreadcrumbList\",\"@id\":\"https:\\\/\\\/www.flaquarium.org\\\/es\\\/programas\\\/para-las-familias\\\/campamentos\\\/aquacamps-de-verano\\\/#breadcrumb\",\"itemListElement\":[{\"@type\":\"ListItem\",\"position\":1,\"name\":\"Home\",\"item\":\"https:\\\/\\\/www.flaquarium.org\\\/es\\\/\"},{\"@type\":\"ListItem\",\"position\":2,\"name\":\"Programas\",\"item\":\"https:\\\/\\\/www.flaquarium.org\\\/es\\\/programas\\\/\"},{\"@type\":\"ListItem\",\"position\":3,\"name\":\"Para las familias\",\"item\":\"https:\\\/\\\/www.flaquarium.org\\\/es\\\/programas\\\/para-las-familias\\\/\"},{\"@type\":\"ListItem\",\"position\":4,\"name\":\"Campamentos\",\"item\":\"https:\\\/\\\/www.flaquarium.org\\\/es\\\/programas\\\/para-las-familias\\\/campamentos\\\/\"},{\"@type\":\"ListItem\",\"position\":5,\"name\":\"AquaCamps de verano\"}]},{\"@type\":\"WebSite\",\"@id\":\"https:\\\/\\\/www.flaquarium.org\\\/es\\\/#website\",\"url\":\"https:\\\/\\\/www.flaquarium.org\\\/es\\\/\",\"name\":\"The Florida Aquarium\",\"description\":\"\",\"potentialAction\":[{\"@type\":\"SearchAction\",\"target\":{\"@type\":\"EntryPoint\",\"urlTemplate\":\"https:\\\/\\\/www.flaquarium.org\\\/es\\\/?s={search_term_string}\"},\"query-input\":{\"@type\":\"PropertyValueSpecification\",\"valueRequired\":true,\"valueName\":\"search_term_string\"}}],\"inLanguage\":\"es\"}]}<\/script>\n<!-- \/ Yoast SEO plugin. -->","yoast_head_json":{"title":"AquaCamps de Verano | Campamentos de Verano en Florida | The Florida Aquarium","description":"\u00bfBuscas campamentos de verano divertidos e interactivos en Florida? Los AquaCamps ofrecen actividades pr\u00e1cticas, encuentros con animales y mucho m\u00e1s para ni\u00f1os de 3 a 18 a\u00f1os en un entorno de aprendizaje seguro.","robots":{"index":"index","follow":"follow","max-snippet":"max-snippet:-1","max-image-preview":"max-image-preview:large","max-video-preview":"max-video-preview:-1"},"canonical":"https:\/\/www.flaquarium.org\/es\/programas\/para-las-familias\/campamentos\/aquacamps-de-verano\/","og_locale":"es_ES","og_type":"article","og_title":"AquaCamps de Verano | Campamentos de Verano en Florida | The Florida Aquarium","og_description":"\u00bfBuscas campamentos de verano divertidos e interactivos en Florida? Los AquaCamps ofrecen actividades pr\u00e1cticas, encuentros con animales y mucho m\u00e1s para ni\u00f1os de 3 a 18 a\u00f1os en un entorno de aprendizaje seguro.","og_url":"https:\/\/www.flaquarium.org\/es\/programas\/para-las-familias\/campamentos\/aquacamps-de-verano\/","og_site_name":"The Florida Aquarium","article_publisher":"https:\/\/www.facebook.com\/floridaaquarium","article_modified_time":"2026-02-23T20:13:23+00:00","twitter_card":"summary_large_image","twitter_site":"@floridaaquarium","schema":{"@context":"https:\/\/schema.org","@graph":[{"@type":"WebPage","@id":"https:\/\/www.flaquarium.org\/es\/programas\/para-las-familias\/campamentos\/aquacamps-de-verano\/","url":"https:\/\/www.flaquarium.org\/es\/programas\/para-las-familias\/campamentos\/aquacamps-de-verano\/","name":"AquaCamps de Verano | Campamentos de Verano en Florida | The Florida Aquarium","isPartOf":{"@id":"https:\/\/www.flaquarium.org\/es\/#website"},"datePublished":"2025-09-17T14:23:38+00:00","dateModified":"2026-02-23T20:13:23+00:00","description":"\u00bfBuscas campamentos de verano divertidos e interactivos en Florida? Los AquaCamps ofrecen actividades pr\u00e1cticas, encuentros con animales y mucho m\u00e1s para ni\u00f1os de 3 a 18 a\u00f1os en un entorno de aprendizaje seguro.","breadcrumb":{"@id":"https:\/\/www.flaquarium.org\/es\/programas\/para-las-familias\/campamentos\/aquacamps-de-verano\/#breadcrumb"},"inLanguage":"es","potentialAction":[{"@type":"ReadAction","target":["https:\/\/www.flaquarium.org\/es\/programas\/para-las-familias\/campamentos\/aquacamps-de-verano\/"]}]},{"@type":"BreadcrumbList","@id":"https:\/\/www.flaquarium.org\/es\/programas\/para-las-familias\/campamentos\/aquacamps-de-verano\/#breadcrumb","itemListElement":[{"@type":"ListItem","position":1,"name":"Home","item":"https:\/\/www.flaquarium.org\/es\/"},{"@type":"ListItem","position":2,"name":"Programas","item":"https:\/\/www.flaquarium.org\/es\/programas\/"},{"@type":"ListItem","position":3,"name":"Para las familias","item":"https:\/\/www.flaquarium.org\/es\/programas\/para-las-familias\/"},{"@type":"ListItem","position":4,"name":"Campamentos","item":"https:\/\/www.flaquarium.org\/es\/programas\/para-las-familias\/campamentos\/"},{"@type":"ListItem","position":5,"name":"AquaCamps de verano"}]},{"@type":"WebSite","@id":"https:\/\/www.flaquarium.org\/es\/#website","url":"https:\/\/www.flaquarium.org\/es\/","name":"The Florida Aquarium","description":"","potentialAction":[{"@type":"SearchAction","target":{"@type":"EntryPoint","urlTemplate":"https:\/\/www.flaquarium.org\/es\/?s={search_term_string}"},"query-input":{"@type":"PropertyValueSpecification","valueRequired":true,"valueName":"search_term_string"}}],"inLanguage":"es"}]}},"_links":{"self":[{"href":"https:\/\/www.flaquarium.org\/es\/wp-json\/wp\/v2\/pages\/25459","targetHints":{"allow":["GET"]}}],"collection":[{"href":"https:\/\/www.flaquarium.org\/es\/wp-json\/wp\/v2\/pages"}],"about":[{"href":"https:\/\/www.flaquarium.org\/es\/wp-json\/wp\/v2\/types\/page"}],"author":[{"embeddable":true,"href":"https:\/\/www.flaquarium.org\/es\/wp-json\/wp\/v2\/users\/1"}],"replies":[{"embeddable":true,"href":"https:\/\/www.flaquarium.org\/es\/wp-json\/wp\/v2\/comments?post=25459"}],"version-history":[{"count":4,"href":"https:\/\/www.flaquarium.org\/es\/wp-json\/wp\/v2\/pages\/25459\/revisions"}],"predecessor-version":[{"id":28309,"href":"https:\/\/www.flaquarium.org\/es\/wp-json\/wp\/v2\/pages\/25459\/revisions\/28309"}],"up":[{"embeddable":true,"href":"https:\/\/www.flaquarium.org\/es\/wp-json\/wp\/v2\/pages\/25455"}],"wp:attachment":[{"href":"https:\/\/www.flaquarium.org\/es\/wp-json\/wp\/v2\/media?parent=25459"}],"curies":[{"name":"wp","href":"https:\/\/api.w.org\/{rel}","templated":true}]}}