{"id":25382,"date":"2025-09-22T15:35:43","date_gmt":"2025-09-22T19:35:43","guid":{"rendered":"https:\/\/www.flaquarium.org\/donaciones-generales\/"},"modified":"2026-02-10T14:36:47","modified_gmt":"2026-02-10T19:36:47","slug":"donaciones-generales","status":"publish","type":"page","link":"https:\/\/www.flaquarium.org\/es\/regala\/dona\/donaciones-generales\/","title":{"rendered":"Donaciones generales"},"content":{"rendered":"","protected":false},"excerpt":{"rendered":"","protected":false},"author":1,"featured_media":0,"parent":25491,"menu_order":0,"comment_status":"closed","ping_status":"closed","template":"","meta":{"_acf_changed":false,"_relevanssi_hide_post":"","_relevanssi_hide_content":"","_relevanssi_pin_for_all":"","_relevanssi_pin_keywords":"","_relevanssi_unpin_keywords":"","_relevanssi_related_keywords":"","_relevanssi_related_include_ids":"","_relevanssi_related_exclude_ids":"","_relevanssi_related_no_append":"","_relevanssi_related_not_related":"","_relevanssi_related_posts":"","_relevanssi_noindex_reason":"","footnotes":""},"class_list":["post-25382","page","type-page","status-publish","hentry"],"acf":[],"yoast_head":"<!-- This site is optimized with the Yoast SEO plugin v27.3 - https:\/\/yoast.com\/product\/yoast-seo-wordpress\/ -->\n<title>Donaciones a The Florida Aquarium | The Florida Aquarium %<\/title>\n<meta name=\"description\" content=\"Comprueba c\u00f3mo las donaciones a The Florida Aquarium -desde la ayuda general hasta las adopciones de animales- impulsan la conservaci\u00f3n, la educaci\u00f3n y un futuro m\u00e1s saludable para los organismos y ecosistemas de la Tierra.\" \/>\n<meta name=\"robots\" content=\"index, follow, max-snippet:-1, max-image-preview:large, max-video-preview:-1\" \/>\n<link rel=\"canonical\" href=\"https:\/\/www.flaquarium.org\/es\/regala\/dona\/donaciones-generales\/\" \/>\n<meta property=\"og:locale\" content=\"es_ES\" \/>\n<meta property=\"og:type\" content=\"article\" \/>\n<meta property=\"og:title\" content=\"Donaciones a The Florida Aquarium | The Florida Aquarium %\" \/>\n<meta property=\"og:description\" content=\"Comprueba c\u00f3mo las donaciones a The Florida Aquarium -desde la ayuda general hasta las adopciones de animales- impulsan la conservaci\u00f3n, la educaci\u00f3n y un futuro m\u00e1s saludable para los organismos y ecosistemas de la Tierra.\" \/>\n<meta property=\"og:url\" content=\"https:\/\/www.flaquarium.org\/es\/regala\/dona\/donaciones-generales\/\" \/>\n<meta property=\"og:site_name\" content=\"The Florida Aquarium\" \/>\n<meta property=\"article:publisher\" content=\"https:\/\/www.facebook.com\/floridaaquarium\" \/>\n<meta property=\"article:modified_time\" content=\"2026-02-10T19:36:47+00:00\" \/>\n<meta name=\"twitter:card\" content=\"summary_large_image\" \/>\n<meta name=\"twitter:site\" content=\"@floridaaquarium\" \/>\n<script type=\"application\/ld+json\" class=\"yoast-schema-graph\">{\"@context\":\"https:\\\/\\\/schema.org\",\"@graph\":[{\"@type\":\"WebPage\",\"@id\":\"https:\\\/\\\/www.flaquarium.org\\\/es\\\/regala\\\/dona\\\/donaciones-generales\\\/\",\"url\":\"https:\\\/\\\/www.flaquarium.org\\\/es\\\/regala\\\/dona\\\/donaciones-generales\\\/\",\"name\":\"Donaciones a The Florida Aquarium | The Florida Aquarium %\",\"isPartOf\":{\"@id\":\"https:\\\/\\\/www.flaquarium.org\\\/es\\\/#website\"},\"datePublished\":\"2025-09-22T19:35:43+00:00\",\"dateModified\":\"2026-02-10T19:36:47+00:00\",\"description\":\"Comprueba c\u00f3mo las donaciones a The Florida Aquarium -desde la ayuda general hasta las adopciones de animales- impulsan la conservaci\u00f3n, la educaci\u00f3n y un futuro m\u00e1s saludable para los organismos y ecosistemas de la Tierra.\",\"breadcrumb\":{\"@id\":\"https:\\\/\\\/www.flaquarium.org\\\/es\\\/regala\\\/dona\\\/donaciones-generales\\\/#breadcrumb\"},\"inLanguage\":\"es\",\"potentialAction\":[{\"@type\":\"ReadAction\",\"target\":[\"https:\\\/\\\/www.flaquarium.org\\\/es\\\/regala\\\/dona\\\/donaciones-generales\\\/\"]}]},{\"@type\":\"BreadcrumbList\",\"@id\":\"https:\\\/\\\/www.flaquarium.org\\\/es\\\/regala\\\/dona\\\/donaciones-generales\\\/#breadcrumb\",\"itemListElement\":[{\"@type\":\"ListItem\",\"position\":1,\"name\":\"Home\",\"item\":\"https:\\\/\\\/www.flaquarium.org\\\/es\\\/\"},{\"@type\":\"ListItem\",\"position\":2,\"name\":\"Regala\",\"item\":\"https:\\\/\\\/www.flaquarium.org\\\/es\\\/regala\\\/\"},{\"@type\":\"ListItem\",\"position\":3,\"name\":\"Dona\",\"item\":\"https:\\\/\\\/www.flaquarium.org\\\/es\\\/regala\\\/dona\\\/\"},{\"@type\":\"ListItem\",\"position\":4,\"name\":\"Donaciones generales\"}]},{\"@type\":\"WebSite\",\"@id\":\"https:\\\/\\\/www.flaquarium.org\\\/es\\\/#website\",\"url\":\"https:\\\/\\\/www.flaquarium.org\\\/es\\\/\",\"name\":\"The Florida Aquarium\",\"description\":\"\",\"potentialAction\":[{\"@type\":\"SearchAction\",\"target\":{\"@type\":\"EntryPoint\",\"urlTemplate\":\"https:\\\/\\\/www.flaquarium.org\\\/es\\\/?s={search_term_string}\"},\"query-input\":{\"@type\":\"PropertyValueSpecification\",\"valueRequired\":true,\"valueName\":\"search_term_string\"}}],\"inLanguage\":\"es\"}]}<\/script>\n<!-- \/ Yoast SEO plugin. -->","yoast_head_json":{"title":"Donaciones a The Florida Aquarium | The Florida Aquarium %","description":"Comprueba c\u00f3mo las donaciones a The Florida Aquarium -desde la ayuda general hasta las adopciones de animales- impulsan la conservaci\u00f3n, la educaci\u00f3n y un futuro m\u00e1s saludable para los organismos y ecosistemas de la Tierra.","robots":{"index":"index","follow":"follow","max-snippet":"max-snippet:-1","max-image-preview":"max-image-preview:large","max-video-preview":"max-video-preview:-1"},"canonical":"https:\/\/www.flaquarium.org\/es\/regala\/dona\/donaciones-generales\/","og_locale":"es_ES","og_type":"article","og_title":"Donaciones a The Florida Aquarium | The Florida Aquarium %","og_description":"Comprueba c\u00f3mo las donaciones a The Florida Aquarium -desde la ayuda general hasta las adopciones de animales- impulsan la conservaci\u00f3n, la educaci\u00f3n y un futuro m\u00e1s saludable para los organismos y ecosistemas de la Tierra.","og_url":"https:\/\/www.flaquarium.org\/es\/regala\/dona\/donaciones-generales\/","og_site_name":"The Florida Aquarium","article_publisher":"https:\/\/www.facebook.com\/floridaaquarium","article_modified_time":"2026-02-10T19:36:47+00:00","twitter_card":"summary_large_image","twitter_site":"@floridaaquarium","schema":{"@context":"https:\/\/schema.org","@graph":[{"@type":"WebPage","@id":"https:\/\/www.flaquarium.org\/es\/regala\/dona\/donaciones-generales\/","url":"https:\/\/www.flaquarium.org\/es\/regala\/dona\/donaciones-generales\/","name":"Donaciones a The Florida Aquarium | The Florida Aquarium %","isPartOf":{"@id":"https:\/\/www.flaquarium.org\/es\/#website"},"datePublished":"2025-09-22T19:35:43+00:00","dateModified":"2026-02-10T19:36:47+00:00","description":"Comprueba c\u00f3mo las donaciones a The Florida Aquarium -desde la ayuda general hasta las adopciones de animales- impulsan la conservaci\u00f3n, la educaci\u00f3n y un futuro m\u00e1s saludable para los organismos y ecosistemas de la Tierra.","breadcrumb":{"@id":"https:\/\/www.flaquarium.org\/es\/regala\/dona\/donaciones-generales\/#breadcrumb"},"inLanguage":"es","potentialAction":[{"@type":"ReadAction","target":["https:\/\/www.flaquarium.org\/es\/regala\/dona\/donaciones-generales\/"]}]},{"@type":"BreadcrumbList","@id":"https:\/\/www.flaquarium.org\/es\/regala\/dona\/donaciones-generales\/#breadcrumb","itemListElement":[{"@type":"ListItem","position":1,"name":"Home","item":"https:\/\/www.flaquarium.org\/es\/"},{"@type":"ListItem","position":2,"name":"Regala","item":"https:\/\/www.flaquarium.org\/es\/regala\/"},{"@type":"ListItem","position":3,"name":"Dona","item":"https:\/\/www.flaquarium.org\/es\/regala\/dona\/"},{"@type":"ListItem","position":4,"name":"Donaciones generales"}]},{"@type":"WebSite","@id":"https:\/\/www.flaquarium.org\/es\/#website","url":"https:\/\/www.flaquarium.org\/es\/","name":"The Florida Aquarium","description":"","potentialAction":[{"@type":"SearchAction","target":{"@type":"EntryPoint","urlTemplate":"https:\/\/www.flaquarium.org\/es\/?s={search_term_string}"},"query-input":{"@type":"PropertyValueSpecification","valueRequired":true,"valueName":"search_term_string"}}],"inLanguage":"es"}]}},"_links":{"self":[{"href":"https:\/\/www.flaquarium.org\/es\/wp-json\/wp\/v2\/pages\/25382","targetHints":{"allow":["GET"]}}],"collection":[{"href":"https:\/\/www.flaquarium.org\/es\/wp-json\/wp\/v2\/pages"}],"about":[{"href":"https:\/\/www.flaquarium.org\/es\/wp-json\/wp\/v2\/types\/page"}],"author":[{"embeddable":true,"href":"https:\/\/www.flaquarium.org\/es\/wp-json\/wp\/v2\/users\/1"}],"replies":[{"embeddable":true,"href":"https:\/\/www.flaquarium.org\/es\/wp-json\/wp\/v2\/comments?post=25382"}],"version-history":[{"count":3,"href":"https:\/\/www.flaquarium.org\/es\/wp-json\/wp\/v2\/pages\/25382\/revisions"}],"predecessor-version":[{"id":27980,"href":"https:\/\/www.flaquarium.org\/es\/wp-json\/wp\/v2\/pages\/25382\/revisions\/27980"}],"up":[{"embeddable":true,"href":"https:\/\/www.flaquarium.org\/es\/wp-json\/wp\/v2\/pages\/25491"}],"wp:attachment":[{"href":"https:\/\/www.flaquarium.org\/es\/wp-json\/wp\/v2\/media?parent=25382"}],"curies":[{"name":"wp","href":"https:\/\/api.w.org\/{rel}","templated":true}]}}